{"id":9464,"date":"2024-01-05T15:34:49","date_gmt":"2024-01-05T14:34:49","guid":{"rendered":"https:\/\/www.lactissima.com\/a-tire-d-ailes\/?page_id=9464"},"modified":"2024-11-19T12:30:56","modified_gmt":"2024-11-19T11:30:56","slug":"2024-2","status":"publish","type":"page","link":"https:\/\/www.lactissima.com\/a-tire-d-ailes\/liste-des-articles-2\/2024-2\/","title":{"rendered":"2024"},"content":{"rendered":"<p>Voici tous les articles pour concilier l\u2019allaitement au travail parus en 2024. Si vous ne trouvez pas ce que vous cherchez, n\u2019h\u00e9sitez pas \u00e0 utiliser l\u2019onglet de recherche.<\/p>\n<p><a href=\"https:\/\/www.lactissima.com\/a-tire-d-ailes\/tirer-son-lait-quand-on-est-pilote-davion\/\">Tirer son lait quand on est pilote d&rsquo;avion<\/a><\/p>\n<p><a href=\"https:\/\/www.lactissima.com\/a-tire-d-ailes\/greve-de-tetee\/\">Gr\u00e8ve de t\u00e9t\u00e9e<\/a><br \/>\nIl arrive que certains enfants fassent une gr\u00e8ve de t\u00e9t\u00e9e qui peut parfois durer de longs jours, sachez qu&rsquo;il existe des solutions.<\/p>\n<p><a href=\"https:\/\/www.lactissima.com\/a-tire-d-ailes\/pour-ou-contre-les-infusions-de-fenouil\/\">Pour ou contre les infusions de fenouil<\/a><br \/>\nLes infusions de fenouil sont-elles dangereuses pour la femme allaitante ?<\/p>\n<p><a href=\"https:\/\/www.lactissima.com\/a-tire-d-ailes\/combien-laisser-de-lait-a-mon-bebe\/\">Combien laisser de lait \u00e0 mon b\u00e9b\u00e9 ?<\/a><br \/>\nCombien de lait mon b\u00e9b\u00e9 va-t-il boire en mon absence ? Voil\u00e0 une question extr\u00eamement courante et que vous devez vous poser aussi.<\/p>\n","protected":false},"excerpt":{"rendered":"<p>Voici tous les articles pour concilier l\u2019allaitement au travail parus en 2024. Si vous ne trouvez pas ce que vous cherchez, n\u2019h\u00e9sitez pas \u00e0 utiliser l\u2019onglet de recherche. Tirer son lait quand on est pilote d&rsquo;avion Gr\u00e8ve de t\u00e9t\u00e9e Il arrive que certains enfants fassent une gr\u00e8ve de t\u00e9t\u00e9e qui peut parfois durer de longs [&hellip;]<\/p>\n","protected":false},"author":170,"featured_media":0,"parent":2443,"menu_order":14,"comment_status":"closed","ping_status":"closed","template":"","meta":{"_et_pb_use_builder":"","_et_pb_old_content":"","_et_gb_content_width":"","footnotes":""},"class_list":["post-9464","page","type-page","status-publish","hentry"],"yoast_head":"<!-- This site is optimized with the Yoast SEO plugin v27.4 - https:\/\/yoast.com\/product\/yoast-seo-wordpress\/ -->\n<title>2024<\/title>\n<meta name=\"description\" content=\"Voici tous les articles pour concilier l\u2019allaitement au travail parus en 2024. Si vous ne trouvez pas ce que vous cherchez, n\u2019h\u00e9sitez pas \u00e0 utiliser\" \/>\n<meta name=\"robots\" content=\"index, follow, max-snippet:-1, max-image-preview:large, max-video-preview:-1\" \/>\n<link rel=\"canonical\" href=\"https:\/\/www.lactissima.com\/a-tire-d-ailes\/liste-des-articles-2\/2024-2\/\" \/>\n<meta property=\"og:locale\" content=\"fr_FR\" \/>\n<meta property=\"og:type\" content=\"article\" \/>\n<meta property=\"og:title\" content=\"2024\" \/>\n<meta property=\"og:description\" content=\"Voici tous les articles pour concilier l\u2019allaitement au travail parus en 2024. Si vous ne trouvez pas ce que vous cherchez, n\u2019h\u00e9sitez pas \u00e0 utiliser\" \/>\n<meta property=\"og:url\" content=\"https:\/\/www.lactissima.com\/a-tire-d-ailes\/liste-des-articles-2\/2024-2\/\" \/>\n<meta property=\"og:site_name\" content=\"A tire d&#039;Ailes\" \/>\n<meta property=\"article:publisher\" content=\"https:\/\/www.facebook.com\/consultante.en.lactation\" \/>\n<meta property=\"article:modified_time\" content=\"2024-11-19T11:30:56+00:00\" \/>\n<meta name=\"twitter:card\" content=\"summary_large_image\" \/>\n<meta name=\"twitter:site\" content=\"@VeroniqueIBCLC\" \/>\n<meta name=\"twitter:label1\" content=\"Dur\u00e9e de lecture estim\u00e9e\" \/>\n\t<meta name=\"twitter:data1\" content=\"1 minute\" \/>\n<script type=\"application\/ld+json\" class=\"yoast-schema-graph\">{\"@context\":\"https:\\\/\\\/schema.org\",\"@graph\":[{\"@type\":\"WebPage\",\"@id\":\"https:\\\/\\\/www.lactissima.com\\\/a-tire-d-ailes\\\/liste-des-articles-2\\\/2024-2\\\/\",\"url\":\"https:\\\/\\\/www.lactissima.com\\\/a-tire-d-ailes\\\/liste-des-articles-2\\\/2024-2\\\/\",\"name\":\"2024\",\"isPartOf\":{\"@id\":\"https:\\\/\\\/www.lactissima.com\\\/a-tire-d-ailes\\\/#website\"},\"datePublished\":\"2024-01-05T14:34:49+00:00\",\"dateModified\":\"2024-11-19T11:30:56+00:00\",\"description\":\"Voici tous les articles pour concilier l\u2019allaitement au travail parus en 2024. Si vous ne trouvez pas ce que vous cherchez, n\u2019h\u00e9sitez pas \u00e0 utiliser\",\"breadcrumb\":{\"@id\":\"https:\\\/\\\/www.lactissima.com\\\/a-tire-d-ailes\\\/liste-des-articles-2\\\/2024-2\\\/#breadcrumb\"},\"inLanguage\":\"fr-FR\",\"potentialAction\":[{\"@type\":\"ReadAction\",\"target\":[\"https:\\\/\\\/www.lactissima.com\\\/a-tire-d-ailes\\\/liste-des-articles-2\\\/2024-2\\\/\"]}]},{\"@type\":\"BreadcrumbList\",\"@id\":\"https:\\\/\\\/www.lactissima.com\\\/a-tire-d-ailes\\\/liste-des-articles-2\\\/2024-2\\\/#breadcrumb\",\"itemListElement\":[{\"@type\":\"ListItem\",\"position\":1,\"name\":\"Accueil\",\"item\":\"https:\\\/\\\/www.lactissima.com\\\/a-tire-d-ailes\\\/\"},{\"@type\":\"ListItem\",\"position\":2,\"name\":\"Liste des articles\",\"item\":\"https:\\\/\\\/www.lactissima.com\\\/a-tire-d-ailes\\\/liste-des-articles-2\\\/\"},{\"@type\":\"ListItem\",\"position\":3,\"name\":\"2024\"}]},{\"@type\":\"WebSite\",\"@id\":\"https:\\\/\\\/www.lactissima.com\\\/a-tire-d-ailes\\\/#website\",\"url\":\"https:\\\/\\\/www.lactissima.com\\\/a-tire-d-ailes\\\/\",\"name\":\"A tire d&#039;Ailes\",\"description\":\"Le blog des femmes qui allaitent et travaillent.\",\"potentialAction\":[{\"@type\":\"SearchAction\",\"target\":{\"@type\":\"EntryPoint\",\"urlTemplate\":\"https:\\\/\\\/www.lactissima.com\\\/a-tire-d-ailes\\\/?s={search_term_string}\"},\"query-input\":{\"@type\":\"PropertyValueSpecification\",\"valueRequired\":true,\"valueName\":\"search_term_string\"}}],\"inLanguage\":\"fr-FR\"}]}<\/script>\n<!-- \/ Yoast SEO plugin. -->","yoast_head_json":{"title":"2024","description":"Voici tous les articles pour concilier l\u2019allaitement au travail parus en 2024. Si vous ne trouvez pas ce que vous cherchez, n\u2019h\u00e9sitez pas \u00e0 utiliser","robots":{"index":"index","follow":"follow","max-snippet":"max-snippet:-1","max-image-preview":"max-image-preview:large","max-video-preview":"max-video-preview:-1"},"canonical":"https:\/\/www.lactissima.com\/a-tire-d-ailes\/liste-des-articles-2\/2024-2\/","og_locale":"fr_FR","og_type":"article","og_title":"2024","og_description":"Voici tous les articles pour concilier l\u2019allaitement au travail parus en 2024. Si vous ne trouvez pas ce que vous cherchez, n\u2019h\u00e9sitez pas \u00e0 utiliser","og_url":"https:\/\/www.lactissima.com\/a-tire-d-ailes\/liste-des-articles-2\/2024-2\/","og_site_name":"A tire d&#039;Ailes","article_publisher":"https:\/\/www.facebook.com\/consultante.en.lactation","article_modified_time":"2024-11-19T11:30:56+00:00","twitter_card":"summary_large_image","twitter_site":"@VeroniqueIBCLC","twitter_misc":{"Dur\u00e9e de lecture estim\u00e9e":"1 minute"},"schema":{"@context":"https:\/\/schema.org","@graph":[{"@type":"WebPage","@id":"https:\/\/www.lactissima.com\/a-tire-d-ailes\/liste-des-articles-2\/2024-2\/","url":"https:\/\/www.lactissima.com\/a-tire-d-ailes\/liste-des-articles-2\/2024-2\/","name":"2024","isPartOf":{"@id":"https:\/\/www.lactissima.com\/a-tire-d-ailes\/#website"},"datePublished":"2024-01-05T14:34:49+00:00","dateModified":"2024-11-19T11:30:56+00:00","description":"Voici tous les articles pour concilier l\u2019allaitement au travail parus en 2024. Si vous ne trouvez pas ce que vous cherchez, n\u2019h\u00e9sitez pas \u00e0 utiliser","breadcrumb":{"@id":"https:\/\/www.lactissima.com\/a-tire-d-ailes\/liste-des-articles-2\/2024-2\/#breadcrumb"},"inLanguage":"fr-FR","potentialAction":[{"@type":"ReadAction","target":["https:\/\/www.lactissima.com\/a-tire-d-ailes\/liste-des-articles-2\/2024-2\/"]}]},{"@type":"BreadcrumbList","@id":"https:\/\/www.lactissima.com\/a-tire-d-ailes\/liste-des-articles-2\/2024-2\/#breadcrumb","itemListElement":[{"@type":"ListItem","position":1,"name":"Accueil","item":"https:\/\/www.lactissima.com\/a-tire-d-ailes\/"},{"@type":"ListItem","position":2,"name":"Liste des articles","item":"https:\/\/www.lactissima.com\/a-tire-d-ailes\/liste-des-articles-2\/"},{"@type":"ListItem","position":3,"name":"2024"}]},{"@type":"WebSite","@id":"https:\/\/www.lactissima.com\/a-tire-d-ailes\/#website","url":"https:\/\/www.lactissima.com\/a-tire-d-ailes\/","name":"A tire d&#039;Ailes","description":"Le blog des femmes qui allaitent et travaillent.","potentialAction":[{"@type":"SearchAction","target":{"@type":"EntryPoint","urlTemplate":"https:\/\/www.lactissima.com\/a-tire-d-ailes\/?s={search_term_string}"},"query-input":{"@type":"PropertyValueSpecification","valueRequired":true,"valueName":"search_term_string"}}],"inLanguage":"fr-FR"}]}},"_links":{"self":[{"href":"https:\/\/www.lactissima.com\/a-tire-d-ailes\/wp-json\/wp\/v2\/pages\/9464","targetHints":{"allow":["GET"]}}],"collection":[{"href":"https:\/\/www.lactissima.com\/a-tire-d-ailes\/wp-json\/wp\/v2\/pages"}],"about":[{"href":"https:\/\/www.lactissima.com\/a-tire-d-ailes\/wp-json\/wp\/v2\/types\/page"}],"author":[{"embeddable":true,"href":"https:\/\/www.lactissima.com\/a-tire-d-ailes\/wp-json\/wp\/v2\/users\/170"}],"replies":[{"embeddable":true,"href":"https:\/\/www.lactissima.com\/a-tire-d-ailes\/wp-json\/wp\/v2\/comments?post=9464"}],"version-history":[{"count":6,"href":"https:\/\/www.lactissima.com\/a-tire-d-ailes\/wp-json\/wp\/v2\/pages\/9464\/revisions"}],"predecessor-version":[{"id":9510,"href":"https:\/\/www.lactissima.com\/a-tire-d-ailes\/wp-json\/wp\/v2\/pages\/9464\/revisions\/9510"}],"up":[{"embeddable":true,"href":"https:\/\/www.lactissima.com\/a-tire-d-ailes\/wp-json\/wp\/v2\/pages\/2443"}],"wp:attachment":[{"href":"https:\/\/www.lactissima.com\/a-tire-d-ailes\/wp-json\/wp\/v2\/media?parent=9464"}],"curies":[{"name":"wp","href":"https:\/\/api.w.org\/{rel}","templated":true}]}}