{"id":8330,"date":"2020-01-22T14:39:35","date_gmt":"2020-01-22T13:39:35","guid":{"rendered":"https:\/\/www.lactissima.com\/a-tire-d-ailes\/?page_id=8330"},"modified":"2021-01-14T11:12:47","modified_gmt":"2021-01-14T10:12:47","slug":"2020-2","status":"publish","type":"page","link":"https:\/\/www.lactissima.com\/a-tire-d-ailes\/liste-des-articles-2\/2020-2\/","title":{"rendered":"2020"},"content":{"rendered":"<p>Voici tous les articles pour concilier l\u2019allaitement au travail parus en 2020. Si vous ne trouvez pas ce que vous cherchez, n\u2019h\u00e9sitez pas \u00e0 utiliser l\u2019onglet de recherche.<\/p>\n<p><a href=\"https:\/\/www.lactissima.com\/a-tire-d-ailes\/lastuce-des-numeros\/\">L\u2019astuce des num\u00e9ros<\/a><\/p>\n<p><a href=\"https:\/\/www.lactissima.com\/a-tire-d-ailes\/proposer-un-biberon-au-bebe-qui-le-refuse\/\">Proposer un biberon au b\u00e9b\u00e9 qui le refuse<\/a><\/p>\n<p><a href=\"https:\/\/www.lactissima.com\/a-tire-d-ailes\/allaiter-et-travailler-le-temoignage-de-mathilde\/\">Allaiter et travailler : le t\u00e9moignage de Mathilde<\/a><\/p>\n<p>Mathilde a tir\u00e9 son lait au travail pour ses deux enfants, parfois m\u00eame en compagnie d&rsquo;une coll\u00e8gue.<\/p>\n<p><a href=\"https:\/\/www.lactissima.com\/a-tire-d-ailes\/quels-vetements-quand-on-tire-son-lait-au-travail-vos-reponses\/\">Quels v\u00eatements quand on tire son lait au travail : vos r\u00e9ponses<\/a><\/p>\n<p>Les solutions des lectrices du blog pour choisir des v\u00eatements pratiques pour tirer le lait au travail.<\/p>\n<p><a href=\"https:\/\/www.lactissima.com\/a-tire-d-ailes\/quels-vetements-quand-on-tire-son-lait-au-travail\/\">Quels v\u00eatements quand on tire son lait au travail ?<\/a><\/p>\n<p>Quels sont les v\u00eatements les plus pratiques pour tirer votre lait au travail ?<\/p>\n<p><a href=\"https:\/\/www.lactissima.com\/a-tire-d-ailes\/les-contenants-pour-lait-maternel\/\">Les contenants pour lait maternel<\/a><\/p>\n<p>A chaque situation ses contenants pour lait maternel appropri\u00e9s&#8230;<\/p>\n<p><span style=\"color: #ffffff;\">..<\/span><\/p>\n<p><span style=\"color: #ffffff;\">..<\/span><\/p>\n","protected":false},"excerpt":{"rendered":"<p>Voici tous les articles pour concilier l\u2019allaitement au travail parus en 2020. Si vous ne trouvez pas ce que vous cherchez, n\u2019h\u00e9sitez pas \u00e0 utiliser l\u2019onglet de recherche. L\u2019astuce des num\u00e9ros Proposer un biberon au b\u00e9b\u00e9 qui le refuse Allaiter et travailler : le t\u00e9moignage de Mathilde Mathilde a tir\u00e9 son lait au travail pour [&hellip;]<\/p>\n","protected":false},"author":170,"featured_media":0,"parent":2443,"menu_order":12,"comment_status":"closed","ping_status":"closed","template":"","meta":{"_et_pb_use_builder":"","_et_pb_old_content":"","_et_gb_content_width":"","footnotes":""},"class_list":["post-8330","page","type-page","status-publish","hentry"],"yoast_head":"<!-- This site is optimized with the Yoast SEO plugin v27.4 - https:\/\/yoast.com\/product\/yoast-seo-wordpress\/ -->\n<title>2020<\/title>\n<meta name=\"description\" content=\"Voici tous les articles pour concilier l\u2019allaitement au travail parus en 2020. Si vous ne trouvez pas ce que vous cherchez, n\u2019h\u00e9sitez pas \u00e0 utiliser\" \/>\n<meta name=\"robots\" content=\"index, follow, max-snippet:-1, max-image-preview:large, max-video-preview:-1\" \/>\n<link rel=\"canonical\" href=\"https:\/\/www.lactissima.com\/a-tire-d-ailes\/liste-des-articles-2\/2020-2\/\" \/>\n<meta property=\"og:locale\" content=\"fr_FR\" \/>\n<meta property=\"og:type\" content=\"article\" \/>\n<meta property=\"og:title\" content=\"2020\" \/>\n<meta property=\"og:description\" content=\"Voici tous les articles pour concilier l\u2019allaitement au travail parus en 2020. Si vous ne trouvez pas ce que vous cherchez, n\u2019h\u00e9sitez pas \u00e0 utiliser\" \/>\n<meta property=\"og:url\" content=\"https:\/\/www.lactissima.com\/a-tire-d-ailes\/liste-des-articles-2\/2020-2\/\" \/>\n<meta property=\"og:site_name\" content=\"A tire d&#039;Ailes\" \/>\n<meta property=\"article:publisher\" content=\"https:\/\/www.facebook.com\/consultante.en.lactation\" \/>\n<meta property=\"article:modified_time\" content=\"2021-01-14T10:12:47+00:00\" \/>\n<meta name=\"twitter:card\" content=\"summary_large_image\" \/>\n<meta name=\"twitter:site\" content=\"@VeroniqueIBCLC\" \/>\n<meta name=\"twitter:label1\" content=\"Dur\u00e9e de lecture estim\u00e9e\" \/>\n\t<meta name=\"twitter:data1\" content=\"1 minute\" \/>\n<script type=\"application\/ld+json\" class=\"yoast-schema-graph\">{\"@context\":\"https:\\\/\\\/schema.org\",\"@graph\":[{\"@type\":\"WebPage\",\"@id\":\"https:\\\/\\\/www.lactissima.com\\\/a-tire-d-ailes\\\/liste-des-articles-2\\\/2020-2\\\/\",\"url\":\"https:\\\/\\\/www.lactissima.com\\\/a-tire-d-ailes\\\/liste-des-articles-2\\\/2020-2\\\/\",\"name\":\"2020\",\"isPartOf\":{\"@id\":\"https:\\\/\\\/www.lactissima.com\\\/a-tire-d-ailes\\\/#website\"},\"datePublished\":\"2020-01-22T13:39:35+00:00\",\"dateModified\":\"2021-01-14T10:12:47+00:00\",\"description\":\"Voici tous les articles pour concilier l\u2019allaitement au travail parus en 2020. Si vous ne trouvez pas ce que vous cherchez, n\u2019h\u00e9sitez pas \u00e0 utiliser\",\"breadcrumb\":{\"@id\":\"https:\\\/\\\/www.lactissima.com\\\/a-tire-d-ailes\\\/liste-des-articles-2\\\/2020-2\\\/#breadcrumb\"},\"inLanguage\":\"fr-FR\",\"potentialAction\":[{\"@type\":\"ReadAction\",\"target\":[\"https:\\\/\\\/www.lactissima.com\\\/a-tire-d-ailes\\\/liste-des-articles-2\\\/2020-2\\\/\"]}]},{\"@type\":\"BreadcrumbList\",\"@id\":\"https:\\\/\\\/www.lactissima.com\\\/a-tire-d-ailes\\\/liste-des-articles-2\\\/2020-2\\\/#breadcrumb\",\"itemListElement\":[{\"@type\":\"ListItem\",\"position\":1,\"name\":\"Accueil\",\"item\":\"https:\\\/\\\/www.lactissima.com\\\/a-tire-d-ailes\\\/\"},{\"@type\":\"ListItem\",\"position\":2,\"name\":\"Liste des articles\",\"item\":\"https:\\\/\\\/www.lactissima.com\\\/a-tire-d-ailes\\\/liste-des-articles-2\\\/\"},{\"@type\":\"ListItem\",\"position\":3,\"name\":\"2020\"}]},{\"@type\":\"WebSite\",\"@id\":\"https:\\\/\\\/www.lactissima.com\\\/a-tire-d-ailes\\\/#website\",\"url\":\"https:\\\/\\\/www.lactissima.com\\\/a-tire-d-ailes\\\/\",\"name\":\"A tire d&#039;Ailes\",\"description\":\"Le blog des femmes qui allaitent et travaillent.\",\"potentialAction\":[{\"@type\":\"SearchAction\",\"target\":{\"@type\":\"EntryPoint\",\"urlTemplate\":\"https:\\\/\\\/www.lactissima.com\\\/a-tire-d-ailes\\\/?s={search_term_string}\"},\"query-input\":{\"@type\":\"PropertyValueSpecification\",\"valueRequired\":true,\"valueName\":\"search_term_string\"}}],\"inLanguage\":\"fr-FR\"}]}<\/script>\n<!-- \/ Yoast SEO plugin. -->","yoast_head_json":{"title":"2020","description":"Voici tous les articles pour concilier l\u2019allaitement au travail parus en 2020. Si vous ne trouvez pas ce que vous cherchez, n\u2019h\u00e9sitez pas \u00e0 utiliser","robots":{"index":"index","follow":"follow","max-snippet":"max-snippet:-1","max-image-preview":"max-image-preview:large","max-video-preview":"max-video-preview:-1"},"canonical":"https:\/\/www.lactissima.com\/a-tire-d-ailes\/liste-des-articles-2\/2020-2\/","og_locale":"fr_FR","og_type":"article","og_title":"2020","og_description":"Voici tous les articles pour concilier l\u2019allaitement au travail parus en 2020. Si vous ne trouvez pas ce que vous cherchez, n\u2019h\u00e9sitez pas \u00e0 utiliser","og_url":"https:\/\/www.lactissima.com\/a-tire-d-ailes\/liste-des-articles-2\/2020-2\/","og_site_name":"A tire d&#039;Ailes","article_publisher":"https:\/\/www.facebook.com\/consultante.en.lactation","article_modified_time":"2021-01-14T10:12:47+00:00","twitter_card":"summary_large_image","twitter_site":"@VeroniqueIBCLC","twitter_misc":{"Dur\u00e9e de lecture estim\u00e9e":"1 minute"},"schema":{"@context":"https:\/\/schema.org","@graph":[{"@type":"WebPage","@id":"https:\/\/www.lactissima.com\/a-tire-d-ailes\/liste-des-articles-2\/2020-2\/","url":"https:\/\/www.lactissima.com\/a-tire-d-ailes\/liste-des-articles-2\/2020-2\/","name":"2020","isPartOf":{"@id":"https:\/\/www.lactissima.com\/a-tire-d-ailes\/#website"},"datePublished":"2020-01-22T13:39:35+00:00","dateModified":"2021-01-14T10:12:47+00:00","description":"Voici tous les articles pour concilier l\u2019allaitement au travail parus en 2020. Si vous ne trouvez pas ce que vous cherchez, n\u2019h\u00e9sitez pas \u00e0 utiliser","breadcrumb":{"@id":"https:\/\/www.lactissima.com\/a-tire-d-ailes\/liste-des-articles-2\/2020-2\/#breadcrumb"},"inLanguage":"fr-FR","potentialAction":[{"@type":"ReadAction","target":["https:\/\/www.lactissima.com\/a-tire-d-ailes\/liste-des-articles-2\/2020-2\/"]}]},{"@type":"BreadcrumbList","@id":"https:\/\/www.lactissima.com\/a-tire-d-ailes\/liste-des-articles-2\/2020-2\/#breadcrumb","itemListElement":[{"@type":"ListItem","position":1,"name":"Accueil","item":"https:\/\/www.lactissima.com\/a-tire-d-ailes\/"},{"@type":"ListItem","position":2,"name":"Liste des articles","item":"https:\/\/www.lactissima.com\/a-tire-d-ailes\/liste-des-articles-2\/"},{"@type":"ListItem","position":3,"name":"2020"}]},{"@type":"WebSite","@id":"https:\/\/www.lactissima.com\/a-tire-d-ailes\/#website","url":"https:\/\/www.lactissima.com\/a-tire-d-ailes\/","name":"A tire d&#039;Ailes","description":"Le blog des femmes qui allaitent et travaillent.","potentialAction":[{"@type":"SearchAction","target":{"@type":"EntryPoint","urlTemplate":"https:\/\/www.lactissima.com\/a-tire-d-ailes\/?s={search_term_string}"},"query-input":{"@type":"PropertyValueSpecification","valueRequired":true,"valueName":"search_term_string"}}],"inLanguage":"fr-FR"}]}},"_links":{"self":[{"href":"https:\/\/www.lactissima.com\/a-tire-d-ailes\/wp-json\/wp\/v2\/pages\/8330","targetHints":{"allow":["GET"]}}],"collection":[{"href":"https:\/\/www.lactissima.com\/a-tire-d-ailes\/wp-json\/wp\/v2\/pages"}],"about":[{"href":"https:\/\/www.lactissima.com\/a-tire-d-ailes\/wp-json\/wp\/v2\/types\/page"}],"author":[{"embeddable":true,"href":"https:\/\/www.lactissima.com\/a-tire-d-ailes\/wp-json\/wp\/v2\/users\/170"}],"replies":[{"embeddable":true,"href":"https:\/\/www.lactissima.com\/a-tire-d-ailes\/wp-json\/wp\/v2\/comments?post=8330"}],"version-history":[{"count":7,"href":"https:\/\/www.lactissima.com\/a-tire-d-ailes\/wp-json\/wp\/v2\/pages\/8330\/revisions"}],"predecessor-version":[{"id":8528,"href":"https:\/\/www.lactissima.com\/a-tire-d-ailes\/wp-json\/wp\/v2\/pages\/8330\/revisions\/8528"}],"up":[{"embeddable":true,"href":"https:\/\/www.lactissima.com\/a-tire-d-ailes\/wp-json\/wp\/v2\/pages\/2443"}],"wp:attachment":[{"href":"https:\/\/www.lactissima.com\/a-tire-d-ailes\/wp-json\/wp\/v2\/media?parent=8330"}],"curies":[{"name":"wp","href":"https:\/\/api.w.org\/{rel}","templated":true}]}}